{"id":2832,"date":"2022-04-06T12:10:04","date_gmt":"2022-04-06T09:10:04","guid":{"rendered":"https:\/\/prozitif.com\/?page_id=2832"},"modified":"2022-04-13T13:13:32","modified_gmt":"2022-04-13T10:13:32","slug":"contact-us","status":"publish","type":"page","link":"https:\/\/prozitif.com\/en\/contact-us\/","title":{"rendered":"Contact Us"},"content":{"rendered":"<div data-elementor-type=\"wp-page\" data-elementor-id=\"2832\" class=\"elementor elementor-2832\" data-elementor-settings=\"[]\">\n\t\t\t\t\t\t\t<div class=\"elementor-section-wrap\">\n\t\t\t\t\t\t\t<section class=\"elementor-section elementor-top-section elementor-element elementor-element-1645668 elementor-section-full_width elementor-section-height-default elementor-section-height-default\" data-id=\"1645668\" data-element_type=\"section\">\n\t\t\t\t\t\t<div class=\"elementor-container elementor-column-gap-default\">\n\t\t\t\t\t<div class=\"elementor-column elementor-col-100 elementor-top-column elementor-element elementor-element-b97d2aa\" data-id=\"b97d2aa\" data-element_type=\"column\">\n\t\t\t<div class=\"elementor-widget-wrap elementor-element-populated\">\n\t\t\t\t\t\t\t\t<div class=\"elementor-element elementor-element-87afbe4 elementor-widget__width-inherit elementor-widget elementor-widget-slider bdevs-el slider\" data-id=\"87afbe4\" data-element_type=\"widget\" data-settings=\"{&quot;design_style&quot;:&quot;style_1&quot;}\" data-widget_type=\"slider.default\">\n\t\t\t\t<div class=\"elementor-widget-container\">\n\t\t\t\r\n                <!-- hero area start here -->\r\n        <section class=\"slider-area fix\">\r\n            <div class=\"slider-active swiper-container\" data-swipper_autoplay_stop=\"no\">\r\n                <div class=\"swiper-wrapper\">\r\n                                            <div class=\"single-slider slider-height d-flex align-items-center swiper-slide\" data-swiper-autoplay=\"\">\r\n                            <div class=\"slide-bg\" data-background=\"https:\/\/prozitif.com\/wp-content\/uploads\/2022\/03\/Bize-Ulasin-Banner_Designin-Audit-Programme.png\"><\/div>\r\n                            <div class=\"container\">\r\n                                <div class=\"row\">\r\n                                    <div class=\"col-lg-12\">\r\n                                        <div class=\"aslider z-index bdevs-el-content\">\r\n                                                                                                                                    <h2 class=\"aslider--title mb-25 bdevs-el-title\" data-animation=\"fadeInUp2\" data-delay=\".7s\">Contact Us<\/h2>\r\n                                                                                                                                    <p class=\"aslider--subtitle mb-40\" data-animation=\"fadeInUp2\" data-delay=\".9s\">Please contact us so we can support you.<\/p>\r\n                                                                                                                                <\/div>\r\n                                    <\/div>\r\n                                <\/div>\r\n                            <\/div>\r\n                        <\/div>\r\n                    \r\n                            <\/div>\r\n        <\/section>\r\n        <!-- hero area end here -->\r\n        \r\n    \t\t<\/div>\n\t\t\t\t<\/div>\n\t\t\t\t\t<\/div>\n\t\t<\/div>\n\t\t\t\t\t\t\t<\/div>\n\t\t<\/section>\n\t\t\t\t<section class=\"elementor-section elementor-top-section elementor-element elementor-element-fa9e670 elementor-section-boxed elementor-section-height-default elementor-section-height-default\" data-id=\"fa9e670\" data-element_type=\"section\">\n\t\t\t\t\t\t<div class=\"elementor-container elementor-column-gap-extended\">\n\t\t\t\t\t<div class=\"elementor-column elementor-col-50 elementor-top-column elementor-element elementor-element-156e276\" data-id=\"156e276\" data-element_type=\"column\">\n\t\t\t<div class=\"elementor-widget-wrap elementor-element-populated\">\n\t\t\t\t\t\t\t\t<div class=\"elementor-element elementor-element-59c6d35 elementor-widget elementor-widget-contact_info bdevs-el contact_info\" data-id=\"59c6d35\" data-element_type=\"widget\" data-widget_type=\"contact_info.default\">\n\t\t\t\t<div class=\"elementor-widget-container\">\n\t\t\t        <section class=\"contact__help p-relative pt-115 pb-150 d-none\">\r\n                        <div class=\"container\">\r\n                <div class=\"row\">\r\n                    <div class=\"col-xl-5 offset-xl-1\">\r\n                        <div class=\"section__title section__title-3 mb-55 bdevs-el-content\">\r\n                            \r\n                            <h2 class=\"fadeInUp2 wow bdevs-el-title\" data-wow-delay=\".4s\">Prozitif E\u011fitim ve Dan\u0131\u015fmanl\u0131k<\/h2>                        <\/div>\r\n                    <\/div>\r\n                <\/div>\r\n                <div class=\"row\">\r\n                                            <div class=\"col-xl-5 col-lg-6 col-md-6 offset-xl-1\">\r\n                            <div class=\"contact__help-item white-bg text-center mb-30 wow fadeInLeft2 bdevs-box-content\"\r\n                                 data-wow-delay=\".3s\">\r\n                                \r\n                                <div class=\"contact__text\">\r\n                                                                                                                <p><span>Address<\/span>: <p>Sinpa\u015f Aqua City 2. Etap 53 <br>Parsel 35 AE Daire:1  <br>\u00dcmraniye\/\u0130stanbul<\/p><\/p>\r\n                                                                                                        <\/div>\r\n                            <\/div>\r\n                        <\/div>\r\n                                            <div class=\"col-xl-5 col-lg-6 col-md-6\">\r\n                            <div class=\"contact__help-item white-bg text-center mb-30 wow fadeInLeft2 bdevs-box-content\"\r\n                                 data-wow-delay=\".3s\">\r\n                                \r\n                                <div class=\"contact__text\">\r\n                                                                                                                <p><span>Email<\/span>: <p> info@prozitif.com<\/p><\/p>\r\n                                                                                                        <\/div>\r\n                            <\/div>\r\n                        <\/div>\r\n                                            <div class=\"col-xl-5 col-lg-6 col-md-6\">\r\n                            <div class=\"contact__help-item white-bg text-center mb-30 wow fadeInLeft2 bdevs-box-content\"\r\n                                 data-wow-delay=\".3s\">\r\n                                \r\n                                <div class=\"contact__text\">\r\n                                                                                                                <p><span>Phone<\/span>: <p>0216 234 02 54<\/p><\/p>\r\n                                                                                                        <\/div>\r\n                            <\/div>\r\n                        <\/div>\r\n                                            <div class=\"col-xl-5 col-lg-6 col-md-6\">\r\n                            <div class=\"contact__help-item white-bg text-center mb-30 wow fadeInLeft2 bdevs-box-content\"\r\n                                 data-wow-delay=\".3s\">\r\n                                \r\n                                <div class=\"contact__text\">\r\n                                                                                                                <p><span>Working Hours<\/span>: <p>Pzt-Cuma : 09:00 - 17:30<\/p><\/p>\r\n                                                                                                        <\/div>\r\n                            <\/div>\r\n                        <\/div>\r\n                                    <\/div>\r\n            <\/div>\r\n        <\/section>\r\n\r\n        <div class=\"contact__gpinfo grey-soft2-bg mb-50\">\r\n            <div class=\"contact__gpinfo-icon text-center\">\r\n                <i class=\"flaticon-pin\"><\/i>\r\n            <\/div>\r\n            <div class=\"contact__gpinfo-content\">\r\n                                <h3 class=\"contact__gpinfo-content-title text-center mb-25\">\r\n                    Prozitif E\u011fitim ve Dan\u0131\u015fmanl\u0131k                <\/h3>\r\n                \r\n                <ul>\r\n                                                                    <li><a href=\"\"> <span>Address<\/span>: <p>Sinpa\u015f Aqua City 2. Etap 53 <br>Parsel 35 AE Daire:1  <br>\u00dcmraniye\/\u0130stanbul<\/p><\/a><\/li>\r\n                                                                                            <li><a href=\"mailto:info@prozitif.com\"> <span>Email<\/span>: <p> info@prozitif.com<\/p><\/a><\/li>\r\n                                                                                            <li><a href=\"tel:+90216%20234%2002%2054\"> <span>Phone<\/span>: <p>0216 234 02 54<\/p><\/a><\/li>\r\n                                                                                            <li><a href=\"\"> <span>Working Hours<\/span>: <p>Pzt-Cuma : 09:00 - 17:30<\/p><\/a><\/li>\r\n                                                            <\/ul>\r\n            <\/div>\r\n        <\/div>\r\n\r\n        \t\t<\/div>\n\t\t\t\t<\/div>\n\t\t\t\t\t<\/div>\n\t\t<\/div>\n\t\t\t\t<div class=\"elementor-column elementor-col-50 elementor-top-column elementor-element elementor-element-b66911e\" data-id=\"b66911e\" data-element_type=\"column\">\n\t\t\t<div class=\"elementor-widget-wrap elementor-element-populated\">\n\t\t\t\t\t\t\t\t<div class=\"elementor-element elementor-element-befdb61 elementor-widget elementor-widget-shortcode\" data-id=\"befdb61\" data-element_type=\"widget\" data-widget_type=\"shortcode.default\">\n\t\t\t\t<div class=\"elementor-widget-container\">\n\t\t\t\t\t<div class=\"elementor-shortcode\"><div class=\"wpforms-container wpforms-container-full\" id=\"wpforms-2904\"><form id=\"wpforms-form-2904\" class=\"wpforms-validate wpforms-form wpforms-ajax-form\" data-formid=\"2904\" method=\"post\" enctype=\"multipart\/form-data\" action=\"\/en\/wp-json\/wp\/v2\/pages\/2832\" data-token=\"ab09efc9f1862b4f1f23deb7ee84b5bb\" data-trp-original-action=\"\/en\/wp-json\/wp\/v2\/pages\/2832\"><noscript class=\"wpforms-error-noscript\">Please enable JavaScript in your browser to complete this form.<\/noscript><div class=\"wpforms-field-container\"><div id=\"wpforms-2904-field_0-container\" class=\"wpforms-field wpforms-field-name\" data-field-id=\"0\"><label class=\"wpforms-field-label\" for=\"wpforms-2904-field_0\">Name Surname <span class=\"wpforms-required-label\">*<\/span><\/label><input type=\"text\" id=\"wpforms-2904-field_0\" class=\"wpforms-field-medium wpforms-field-required\" name=\"wpforms[fields][0]\" required><\/div><div id=\"wpforms-2904-field_1-container\" class=\"wpforms-field wpforms-field-email\" data-field-id=\"1\"><label class=\"wpforms-field-label\" for=\"wpforms-2904-field_1\">Email <span class=\"wpforms-required-label\">*<\/span><\/label><input type=\"email\" id=\"wpforms-2904-field_1\" class=\"wpforms-field-medium wpforms-field-required\" name=\"wpforms[fields][1]\" required><\/div><div id=\"wpforms-2904-field_2-container\" class=\"wpforms-field wpforms-field-textarea\" data-field-id=\"2\"><label class=\"wpforms-field-label\" for=\"wpforms-2904-field_2\">Your Message <span class=\"wpforms-required-label\">*<\/span><\/label><textarea id=\"wpforms-2904-field_2\" class=\"wpforms-field-medium wpforms-field-required\" name=\"wpforms[fields][2]\" required><\/textarea><\/div><\/div><div class=\"wpforms-submit-container\"><input type=\"hidden\" name=\"wpforms[id]\" value=\"2904\"><input type=\"hidden\" name=\"wpforms[author]\" value=\"1\"><button type=\"submit\" name=\"wpforms[submit]\" id=\"wpforms-submit-2904\" class=\"wpforms-submit\" data-alt-text=\"Sending...\" data-submit-text=\"Send\" aria-live=\"assertive\" value=\"wpforms-submit\">Send<\/button><img loading=\"lazy\" src=\"https:\/\/prozitif.com\/wp-content\/plugins\/wpforms-lite\/assets\/images\/submit-spin.svg\" class=\"wpforms-submit-spinner\" style=\"display: none;\" width=\"26\" height=\"26\" alt=\"\"><\/div><input type=\"hidden\" name=\"trp-form-language\" value=\"en\"\/><\/form><\/div>  <!-- .wpforms-container -->\t<\/div>\n\t\t\t\t<\/div>\n\t\t\t\t<\/div>\n\t\t\t\t\t<\/div>\n\t\t<\/div>\n\t\t\t\t\t\t\t<\/div>\n\t\t<\/section>\n\t\t\t\t<section class=\"elementor-section elementor-top-section elementor-element elementor-element-55b46b1 elementor-section-boxed elementor-section-height-default elementor-section-height-default\" data-id=\"55b46b1\" data-element_type=\"section\">\n\t\t\t\t\t\t<div class=\"elementor-container elementor-column-gap-default\">\n\t\t\t\t\t<div class=\"elementor-column elementor-col-100 elementor-top-column elementor-element elementor-element-e0310c0\" data-id=\"e0310c0\" data-element_type=\"column\">\n\t\t\t<div class=\"elementor-widget-wrap elementor-element-populated\">\n\t\t\t\t\t\t\t\t<div class=\"elementor-element elementor-element-c455e6f elementor-widget elementor-widget-html\" data-id=\"c455e6f\" data-element_type=\"widget\" data-widget_type=\"html.default\">\n\t\t\t\t<div class=\"elementor-widget-container\">\n\t\t\t<iframe src=\"https:\/\/www.google.com\/maps\/embed?pb=!1m18!1m12!1m3!1d2530.897778810603!2d29.151402776919387!3d41.03047036846873!2m3!1f0!2f0!3f0!3m2!1i1024!2i768!4f13.1!3m3!1m2!1s0x14cacfc2bd76f173%3A0xe75864cc2b080939!2sSinpa%C5%9F%20Aqua%20City%202.%20Etap!5e0!3m2!1str!2str!4v1648038257182!5m2!1str!2str\" width=\"600\" height=\"450\" style=\"border:0;\" allowfullscreen=\"\" loading=\"lazy\"><\/iframe>\t\t<\/div>\n\t\t\t\t<\/div>\n\t\t\t\t\t<\/div>\n\t\t<\/div>\n\t\t\t\t\t\t\t<\/div>\n\t\t<\/section>\n\t\t\t\t\t\t<\/div>\n\t\t\t\t\t<\/div>","protected":false},"excerpt":{"rendered":"<p>Contact Us Please contact us so we can support you. Prozitif E\u011fitim ve Dan\u0131\u015fmanl\u0131k Address: Sinpa\u015f Aqua City 2. Etap 53 Parsel 35 AE Daire:1 \u00dcmraniye\/\u0130stanbul Email: info@prozitif.com Phone: 0216 234 02 54 Working Hours: Pzt-Cuma : 09:00 &#8211; 17:30 Prozitif E\u011fitim ve Dan\u0131\u015fmanl\u0131k Address: Sinpa\u015f Aqua City 2. Etap 53 Parsel 35 AE Daire:1 [&hellip;]<\/p>","protected":false},"author":1,"featured_media":0,"parent":0,"menu_order":0,"comment_status":"closed","ping_status":"closed","template":"elementor_header_footer","meta":{"_monsterinsights_skip_tracking":false,"_monsterinsights_sitenote_active":false,"_monsterinsights_sitenote_note":"","_monsterinsights_sitenote_category":0},"acf":[],"_links":{"self":[{"href":"https:\/\/prozitif.com\/en\/wp-json\/wp\/v2\/pages\/2832"}],"collection":[{"href":"https:\/\/prozitif.com\/en\/wp-json\/wp\/v2\/pages"}],"about":[{"href":"https:\/\/prozitif.com\/en\/wp-json\/wp\/v2\/types\/page"}],"author":[{"embeddable":true,"href":"https:\/\/prozitif.com\/en\/wp-json\/wp\/v2\/users\/1"}],"replies":[{"embeddable":true,"href":"https:\/\/prozitif.com\/en\/wp-json\/wp\/v2\/comments?post=2832"}],"version-history":[{"count":7,"href":"https:\/\/prozitif.com\/en\/wp-json\/wp\/v2\/pages\/2832\/revisions"}],"predecessor-version":[{"id":2907,"href":"https:\/\/prozitif.com\/en\/wp-json\/wp\/v2\/pages\/2832\/revisions\/2907"}],"wp:attachment":[{"href":"https:\/\/prozitif.com\/en\/wp-json\/wp\/v2\/media?parent=2832"}],"curies":[{"name":"wp","href":"https:\/\/api.w.org\/{rel}","templated":true}]}}